{"id":9649,"date":"2023-11-07T14:35:02","date_gmt":"2023-11-07T13:35:02","guid":{"rendered":"https:\/\/vincorion.com\/?page_id=9649"},"modified":"2026-03-13T10:33:33","modified_gmt":"2026-03-13T09:33:33","slug":"vincorion-homepage","status":"publish","type":"page","link":"https:\/\/vincorion.com\/en\/","title":{"rendered":"VINCORION Homepage"},"content":{"rendered":"<div class=\"wpb-content-wrapper\"><p>[vc_row full_width=&#8221;stretch_row_content_no_spaces&#8221;][vc_column]<div class=\"homepage-scrolling-section\"><div class=\"homepage-scrolling-banner\"><div class=\"elm-image-container\"><img decoding=\"async\" class=\"lazy-background lazy-img lazyload\" alt=\"WE POWER\nYOUR\nMISSION\" data-src=\"https:\/\/vincorion.com\/wp-content\/uploads\/2022\/04\/Subtract.jpg\" src=\"data:image\/svg+xml;base64,PHN2ZyB3aWR0aD0iMSIgaGVpZ2h0PSIxIiB4bWxucz0iaHR0cDovL3d3dy53My5vcmcvMjAwMC9zdmciPjwvc3ZnPg==\" style=\"--smush-placeholder-width: 331px; --smush-placeholder-aspect-ratio: 331\/331;\"><\/div><div class=\"hsb-section-overlay\"><\/div><\/div><div class=\"homepage-scrolling-inner\"><div class=\"homepage-scrolling-screens\"><div class=\"homepage-scrolling-screen main-scrolling-screen\"><div class=\"scrolling-screen-content container\"><div class=\"scrolling-screen-content-inner\"><h1>WE POWER<br \/>\nYOUR<br \/>\nMISSION<\/h1><\/div><\/div><\/div><div class=\"homepage-scrolling-screen secondary-scrolling-screen\"><div class=\"scrolling-screen-content container\"><div class=\"scrolling-screen-content-inner\"><h2>PERFORMANCE F\u00dcR<br \/>\nDEN EINSATZ.<\/h2><div class=\"editor-content-output\"><p>Jeder Mensch verdient ein sicheres Leben. Daf\u00fcr entwickeln und fertigen wir mechatronische L\u00f6sungen, die in der Luft, an Land und auf hoher See zum Einsatz kommen. Von vielf\u00e4ltigen Generatoren, hybriden Energiesystemen und Stromerzeugungsaggregaten bis zu fortschrittlichen Hebe- und Stabilisierungssystemen. Im engen Dialog mit unseren Kunden weltweit entstehen ma\u00dfgeschneiderte L\u00f6sungen, energieeffizient, wirtschaftlich zuverl\u00e4ssig und langlebig.<\/p>\n<\/div><\/div><\/div><\/div><\/div><\/div><\/div>[\/vc_column][\/vc_row][vc_row full_width=&#8221;stretch_row_content_no_spaces&#8221; css=&#8221;.vc_custom_1699455223806{background-color: #00586b !important;}&#8221;][vc_column]<div class=\"product-carousel-module content-carosel-module add_row_class\" row_class=\"product-carousel-row content-carosel-row\"><div><div class=\"container\"><h2 class=\"animate fade-from-right\">Vincorion-Expertise im Blickpunkt.<\/h2><\/div><div class=\"product-carousel-container animate\"><ul><div class=\"dummy-parent-item\"><div><li class=\"dummy-first-slide\"><\/li><\/div><\/div><div><div><li class=\"product-item product_image_full\"><a class=\"anchor_overlay\" href=\"https:\/\/www.vincorion.com\/vincorion-green-defense-power-management\/\" target=\"\"><\/a><div class=\"product-item-inner\"><div class=\"product-item-image\"><a href=\"https:\/\/www.vincorion.com\/vincorion-green-defense-power-management\/\" target=\"\"><img class=\"lazy-background lazy-img\" alt=\"Mission: Green Defense\" data-src=\"https:\/\/vincorion.com\/wp-content\/uploads\/2024\/10\/3-1.png\"><span style=\"display:none;\" class=\"iddpe\">13275 13275<\/span><\/a><\/div><div class=\"product-info\"><div class=\"product-tag animate fade-from-bottom\">Sicherheit & Nachhaltigkeit<\/div><div class=\"product-title animate fade-from-bottom\"><a href=\"https:\/\/www.vincorion.com\/vincorion-green-defense-power-management\/\">Mission: Green Defense<\/a><\/div><div class=\"product-excerpt animate fade-from-bottom\">Trinkwasserknappheit, Flutkatastrophen, umweltbedingte Migration: Der Klimawandel geh\u00f6rt zu den gr\u00f6\u00dften Treibern von globalen und lokalen Konflikten. Das macht den Klimaschutz zu einer zentralen S\u00e4ule der weltweiten Sicherheitspolitik.<\/div><div class=\"product-more-info-btn animate fade-from-bottom\"><a class=\"button-text\" href=\"https:\/\/www.vincorion.com\/vincorion-green-defense-power-management\/\" target=\"\"><span>Mehr erfahren ><\/span><\/a><\/div><\/div><\/div><\/li><\/div><\/div><div><div><li class=\"product-item product_image_full\"><a class=\"anchor_overlay\" href=\"https:\/\/vincorion.com\/taktische-energieversorgung-3\/\" target=\"\"><\/a><div class=\"product-item-inner\"><div class=\"product-item-image\"><a href=\"https:\/\/vincorion.com\/taktische-energieversorgung-3\/\" target=\"\"><img class=\"lazy-background lazy-img\" alt=\"\u00dcberlegenheit und Effizienz verbunden\" data-src=\"https:\/\/vincorion.com\/wp-content\/uploads\/2024\/10\/2-1.png\"><span style=\"display:none;\" class=\"iddpe\">13270 13270<\/span><\/a><\/div><div class=\"product-info\"><div class=\"product-tag animate fade-from-bottom\">Taktische Energieversorgung<\/div><div class=\"product-title animate fade-from-bottom\"><a href=\"https:\/\/vincorion.com\/taktische-energieversorgung-3\/\">\u00dcberlegenheit und Effizienz verbunden<\/a><\/div><div class=\"product-excerpt animate fade-from-bottom\">Flexibler, leistungsf\u00e4higer und dabei gleichzeitig nachhaltig und wartungsarm: Die Anspr\u00fcche an die Verteidigungssysteme in den kommenden Jahrzehnten wachsen. Das liegt vor allem an den ver\u00e4nderten globalen und unvorhersehbaren Einsatzszenarien. Die taktische Energieversorgung und Stromerzeugung geh\u00f6rt zu unseren Kernkompetenzen.<\/div><div class=\"product-more-info-btn animate fade-from-bottom\"><a class=\"button-text\" href=\"https:\/\/vincorion.com\/taktische-energieversorgung-3\/\" target=\"\"><span>Mehr erfahren ><\/span><\/a><\/div><\/div><\/div><\/li><\/div><\/div><div><div><li class=\"product-item product_image_full\"><a class=\"anchor_overlay\" href=\"https:\/\/vincorion.com\/luftverteidigung\/\" target=\"\"><\/a><div class=\"product-item-inner\"><div class=\"product-item-image\"><a href=\"https:\/\/vincorion.com\/luftverteidigung\/\" target=\"\"><img class=\"lazy-background lazy-img\" alt=\"Nummer 1 f\u00fcr komplexe Herausforderungen\" data-src=\"https:\/\/vincorion.com\/wp-content\/uploads\/2024\/10\/1-1.png\"><span style=\"display:none;\" class=\"iddpe\">13261 13261<\/span><\/a><\/div><div class=\"product-info\"><div class=\"product-tag animate fade-from-bottom\">Luftverteidigung<\/div><div class=\"product-title animate fade-from-bottom\"><a href=\"https:\/\/vincorion.com\/luftverteidigung\/\">Nummer 1 f\u00fcr komplexe Herausforderungen<\/a><\/div><div class=\"product-excerpt animate fade-from-bottom\">Weltweit verlassen sich Menschen auf Luftabwehrsysteme. Sie geh\u00f6ren zu den komplexesten milit\u00e4rischen Systemen. Wichtige Komponenten sind der Launcher, die Kommandozentrale und Radare. Bei der Energieversorgung f\u00fcr Flugabwehrsysteme ist VINCORION marktf\u00fchrend. Wir erf\u00fcllen alle MIL-Standards und bieten Ihnen ein extrem hohes Customizing.<\/div><div class=\"product-more-info-btn animate fade-from-bottom\"><a class=\"button-text\" href=\"https:\/\/vincorion.com\/luftverteidigung\/\" target=\"\"><span>Mehr erfahren ><\/span><\/a><\/div><\/div><\/div><\/li><\/div><\/div><\/ul><\/div><\/div><\/div>[\/vc_column][\/vc_row][vc_row full_width=&#8221;stretch_row_content_no_spaces&#8221; css=&#8221;.vc_custom_1699455219277{background-color: #ffffff !important;}&#8221;][vc_column]<div class=\"experts-description-module add_row_class\" row_class=\"experts-description-row\"><div><div class=\"container\"><div class=\"experts-description-cols\"><div class=\"experts-description-col experts-text-col\"><h2 class=\"animate fade-from-bottom\">Unsere Experten sind<br \/>\nimmer f\u00fcr Sie da.<\/h2><div class=\"textbox-subtitle animate fade-from-bottom\">Auf dem kurzen Dienstweg<br \/>\nzum kompetenten<br \/>\nAnsprechpartner f\u00fcr Ihren<br \/>\nMarktbereich. Schicken Sie uns<br \/>\neinfach eine Nachricht:<\/div><div class=\"textbox-content animate fade-from-bottom\"><p><a href=\"mailto:aviation@vincorion.com\">aviation@vincorion.com<\/a><br \/>\n<a href=\"mailto:defense@vincorion.com\">defense@vincorion.com<\/a><br \/>\n<a href=\"mailto:customer-support@vincorion.com\">customer-support@vincorion.com<\/a><\/p>\n<\/div><\/div><div class=\"experts-description-col experts-image-col animate fade-from-right\"><div class=\"lazy-background element-overlay\" data-src=\"https:\/\/vincorion.com\/wp-content\/uploads\/2025\/02\/Trio_fin.webp\"><span style=\"display:none;\" class=\"iddpe\">14098 14098<\/span><\/div><\/div><\/div><\/div><\/div><\/div>[\/vc_column][\/vc_row][vc_row full_width=&#8221;stretch_row_content_no_spaces&#8221; css=&#8221;.vc_custom_1699455233782{background-color: #dae5ec !important;}&#8221;][vc_column]<div class=\"latest-news-carousel-module add_row_class\" row_class=\"latest-news-carousel-row\"><div><div class=\"latest-news-carousel animate\"><ul><div><div><li class=\"dummy-first-slide\"><\/li><\/div><\/div><div><div><li class=\"related-news-item \"><div><a class=\"anchor_overlay\" href=\"https:\/\/vincorion.com\/en\/vincorion-takes-on-key-role-in-european-defense-project-sentinel\/\"><\/a><div class=\"news-item-image\"><div class=\"element-overlay lazy-background\" data-src=\"https:\/\/vincorion.com\/wp-content\/uploads\/2026\/03\/PGM_ESM_Mountain_Background-1024x512.jpg\"><span style=\"display:none;\" class=\"iddpe\">19162 19162<\/span><\/div><\/div><div class=\"news-item-info\"><div><div class=\"news-item-category\"><a href=\"https:\/\/vincorion.com\/en\/category\/press-en\/\"><\/a><\/div><div class=\"news-item-title\"><a href=\"https:\/\/vincorion.com\/en\/vincorion-takes-on-key-role-in-european-defense-project-sentinel\/\">VINCORION takes on key role in European defense  project SENTINEL<\/a><\/div><\/div><\/div><\/div><\/li><\/div><\/div><div><div><li class=\"related-news-item featured-news-item\"><div><a class=\"anchor_overlay\" href=\"https:\/\/vincorion.com\/en\/bronzemedaille-fuer-vincorion-azubi-johannes-lang-glaenzt-bei-deutschen-meisterschaften\/\"><\/a><div class=\"news-item-image\"><div class=\"element-overlay lazy-background\" data-src=\"https:\/\/vincorion.com\/wp-content\/uploads\/2025\/12\/IMG_9647-1024x683.jpg\"><span style=\"display:none;\" class=\"iddpe\">18666 18666<\/span><\/div><\/div><div class=\"news-item-info\"><div><div class=\"news-item-category\"><a href=\"https:\/\/vincorion.com\/en\/category\/press-en\/\"><\/a><\/div><div class=\"news-item-title\"><a href=\"https:\/\/vincorion.com\/en\/bronzemedaille-fuer-vincorion-azubi-johannes-lang-glaenzt-bei-deutschen-meisterschaften\/\">VINCORION apprentice shines at German championships<\/a><\/div><\/div><\/div><\/div><\/li><\/div><\/div><div><div><li class=\"related-news-item \"><div><a class=\"anchor_overlay\" href=\"https:\/\/vincorion.com\/en\/operational-superiority-with-state-of-the-art-logistics-vincorion-introduces-next-gen-power-for-air-defense\/\"><\/a><div class=\"news-item-image\"><div class=\"element-overlay lazy-background\" data-src=\"https:\/\/vincorion.com\/wp-content\/uploads\/2025\/09\/Q93H8246-1024x683.jpg\"><span style=\"display:none;\" class=\"iddpe\">15749 15749<\/span><\/div><\/div><div class=\"news-item-info\"><div><div class=\"news-item-category\"><a href=\"https:\/\/vincorion.com\/en\/category\/press-en\/\"><\/a><\/div><div class=\"news-item-title\"><a href=\"https:\/\/vincorion.com\/en\/operational-superiority-with-state-of-the-art-logistics-vincorion-introduces-next-gen-power-for-air-defense\/\">Operational Superiority with State-of-the-Art Logistics: VINCORION Introduces Next-Gen Power for Air Defense<\/a><\/div><\/div><\/div><\/div><\/li><\/div><\/div><div><div><li class=\"related-news-item \"><div><a class=\"anchor_overlay\" href=\"https:\/\/vincorion.com\/en\/strategic-partner-heidelberg\/\"><\/a><div class=\"news-item-image\"><div class=\"element-overlay lazy-background\" data-src=\"https:\/\/vincorion.com\/wp-content\/uploads\/2025\/02\/original-1-1024x549.webp\"><span style=\"display:none;\" class=\"iddpe\">13776 13776<\/span><\/div><\/div><div class=\"news-item-info\"><div><div class=\"news-item-category\"><a href=\"https:\/\/vincorion.com\/en\/category\/press-en\/\"><\/a><\/div><div class=\"news-item-title\"><a href=\"https:\/\/vincorion.com\/en\/strategic-partner-heidelberg\/\">VINCORION enters strategic partnership with industrialisation specialist HEIDELBERG<\/a><\/div><\/div><\/div><\/div><\/li><\/div><\/div><div><div><li class=\"related-news-item \"><div><a class=\"anchor_overlay\" href=\"https:\/\/vincorion.com\/en\/ecovadis-ranking-2025\/\"><\/a><div class=\"news-item-image\"><div class=\"element-overlay lazy-background\" data-src=\"https:\/\/vincorion.com\/wp-content\/uploads\/2025\/06\/Flagge-1024x768.webp\"><span style=\"display:none;\" class=\"iddpe\">15297 15297<\/span><\/div><\/div><div class=\"news-item-info\"><div><div class=\"news-item-category\"><a href=\"https:\/\/vincorion.com\/en\/category\/press-en\/\"><\/a><\/div><div class=\"news-item-title\"><a href=\"https:\/\/vincorion.com\/en\/ecovadis-ranking-2025\/\">VINCORION Significantly Improves Sustainability Performance<\/a><\/div><\/div><\/div><\/div><\/li><\/div><\/div><div><div><li class=\"related-news-item \"><div><a class=\"anchor_overlay\" href=\"https:\/\/vincorion.com\/en\/study-perception-defense-industry-2025\/\"><\/a><div class=\"news-item-image\"><div class=\"element-overlay lazy-background\" data-src=\"https:\/\/vincorion.com\/wp-content\/uploads\/2022\/04\/2-1024x488.webp\"><span style=\"display:none;\" class=\"iddpe\">14568 14568<\/span><\/div><\/div><div class=\"news-item-info\"><div><div class=\"news-item-category\"><a href=\"https:\/\/vincorion.com\/en\/category\/press-en\/\"><\/a><\/div><div class=\"news-item-title\"><a href=\"https:\/\/vincorion.com\/en\/study-perception-defense-industry-2025\/\">New Study Highlights Importance of the Defense Industry \u2013 Four Out of Ten Affirm Its \u201cContribution to Security in Germany and Europe\u201d<\/a><\/div><\/div><\/div><\/div><\/li><\/div><\/div><\/ul><\/div><\/div><\/div>[\/vc_column][\/vc_row][vc_row full_width=&#8221;stretch_row_content_no_spaces&#8221;][vc_column]<div class=\"text-box-module   text-box-has-bg add_row_class \" row_class=\"text-box-module-row\"><div class=\"module-background-item lazy-background\" data-src=\"https:\/\/vincorion.com\/wp-content\/uploads\/2025\/02\/Employer-Branding_Header.webp\"><span style=\"display:none;\" class=\"iddpe\">14072 14072<\/span><\/div><div class=\"outer_container\"><div class=\"container\"><h2 class=\"textbox-title animate fade-from-bottom\" style=\"color:;\">Helfen Sie mit, das Leben<br \/>\nsicherer zu machen.<\/h2><div class=\"textbox-subtitle animate fade-from-bottom\">Sicherheit hat viele spannende Facetten.<br \/>\nAnspruchsvolle technische und operative<br \/>\nVerantwortungsbereiche warten auf Sie.<\/div><div class=\"textbox-content animate fade-from-bottom\"><p>Auszubildenden, Studierenden und Absolventen<br \/>\nbieten wir ein exzellentes Sprungbrett. Professionals<br \/>\nfinden eine Vielfalt an Entwicklungsm\u00f6glichkeiten.<\/p>\n<\/div><div class=\"button_container animate fade-from-bottom\"><a class=\"button\" href=\"https:\/\/b34noigh.myrdbx.io\/karriere-2\/\" target=\"\" rel=\"noopener\"><span>Mehr erfahren<\/span><\/a><\/div><\/div><\/div><\/div>[\/vc_column][\/vc_row]<\/p>\n<\/div>","protected":false},"excerpt":{"rendered":"<p>[vc_row full_width=&#8221;stretch_row_content_no_spaces&#8221;][vc_column][\/vc_column][\/vc_row][vc_row full_width=&#8221;stretch_row_content_no_spaces&#8221; css=&#8221;.vc_custom_1699455223806{background-color: #00586b !important;}&#8221;][vc_column][\/vc_column][\/vc_row][vc_row full_width=&#8221;stretch_row_content_no_spaces&#8221; css=&#8221;.vc_custom_1699455219277{background-color: #ffffff !important;}&#8221;][vc_column][\/vc_column][\/vc_row][vc_row full_width=&#8221;stretch_row_content_no_spaces&#8221; css=&#8221;.vc_custom_1699455233782{background-color: #dae5ec !important;}&#8221;][vc_column][\/vc_column][\/vc_row][vc_row full_width=&#8221;stretch_row_content_no_spaces&#8221;][vc_column][\/vc_column][\/vc_row]<\/p>\n","protected":false},"author":1,"featured_media":0,"parent":0,"menu_order":204,"comment_status":"closed","ping_status":"closed","template":"","meta":{"_acf_changed":false,"inline_featured_image":false,"footnotes":""},"class_list":["post-9649","page","type-page","status-publish","hentry"],"acf":[],"_links":{"self":[{"href":"https:\/\/vincorion.com\/en\/wp-json\/wp\/v2\/pages\/9649","targetHints":{"allow":["GET"]}}],"collection":[{"href":"https:\/\/vincorion.com\/en\/wp-json\/wp\/v2\/pages"}],"about":[{"href":"https:\/\/vincorion.com\/en\/wp-json\/wp\/v2\/types\/page"}],"author":[{"embeddable":true,"href":"https:\/\/vincorion.com\/en\/wp-json\/wp\/v2\/users\/1"}],"replies":[{"embeddable":true,"href":"https:\/\/vincorion.com\/en\/wp-json\/wp\/v2\/comments?post=9649"}],"version-history":[{"count":32,"href":"https:\/\/vincorion.com\/en\/wp-json\/wp\/v2\/pages\/9649\/revisions"}],"predecessor-version":[{"id":19333,"href":"https:\/\/vincorion.com\/en\/wp-json\/wp\/v2\/pages\/9649\/revisions\/19333"}],"wp:attachment":[{"href":"https:\/\/vincorion.com\/en\/wp-json\/wp\/v2\/media?parent=9649"}],"curies":[{"name":"wp","href":"https:\/\/api.w.org\/{rel}","templated":true}]}}